{"id":740,"date":"2016-08-30T15:11:14","date_gmt":"2016-08-30T13:11:14","guid":{"rendered":"https:\/\/brynk.dk\/de\/?page_id=740"},"modified":"2016-12-10T13:56:59","modified_gmt":"2016-12-10T12:56:59","slug":"geschaeftsmodell","status":"publish","type":"page","link":"https:\/\/brynk.dk\/de\/geschaeftsmodell\/","title":{"rendered":"Gesch\u00e4ftsmodell"},"content":{"rendered":"<p>Im Gegensatz zu anderen Beraterunternehmen r\u00fccke ich nicht mit einem gro\u00dfen Team an. Stattdessen finde ich intern bei Ihnen die Botschafter, die F\u00fchrungskr\u00e4fte und die Verkaufstalente, die die Verkaufs- bzw. Beratungskultur intern in der Organisation weiterentwickeln und pr\u00e4gen sollen.<br \/>\nDies spart Zeit und Geld und f\u00f6rdert die Motivation, wo die Wirkung am gr\u00f6\u00dften ist, und zwar bei den Mitarbeitern.\u00a0Die Schulung wird von Praxistraining gefolgt &#8211; entwickelt f\u00fcr Ihr Team, und von Ihrem Team.<\/p>\n<p>Mit diesem Gesch\u00e4ftsmodell bin ich in der Lage, gro\u00dfe Aufgaben f\u00fcr globale Kunden zu l\u00f6sen, andererseits finde ich auch die internationalen Ambitionen kleinerer wie mittelst\u00e4ndischer Unternehmen sehr interessant.<\/p>\n<ul>\n<li>Wie weit w\u00fcrde Ihr Team ohne Schulung kommen oder, wenn man sich gegenseitig schulen m\u00fcsste?<\/li>\n<li>Welche Kompetenzen ben\u00f6tigen Ihre Verk\u00e4ufer oder Sie als F\u00fchrungskraft in der Zukunft?<\/li>\n<\/ul>\n<p><strong>Meine Kooperationspartner: Spezialisten in der Branche mit der gleichen Wertegrundlage?<\/strong><\/p>\n<p>Wenn weitere Spezialisten ben\u00f6tigt werden bei Themen wie Projektleitung, Strategie und F\u00fchrung, sorge ich gerne daf\u00fcr, ein starkes Team zusammenzustellen &#8211; gemeinsam mit Ihren oder mit eigenen Kooperationspartnern. Fragen Sie mich gern nach einer Liste \u00fcber assoziierte Kooperationspartner, die meine Werte und meine Passion teilen, Wertsch\u00f6pfung f\u00fcr Sie zu erzielen.<\/p>\n<ul>\n<li>Welche Kompetenzen ben\u00f6tigen Sie?<\/li>\n<li>Welche Spezialisten k\u00f6nnen f\u00fcr Ihr Gesch\u00e4ft den Unterschied ausmachen?<\/li>\n<\/ul>\n","protected":false},"excerpt":{"rendered":"<p>Im Gegensatz zu anderen Beraterunternehmen r\u00fccke ich nicht mit einem gro\u00dfen Team an. Stattdessen finde ich intern bei Ihnen die Botschafter, die F\u00fchrungskr\u00e4fte und die Verkaufstalente, die die Verkaufs- bzw. Beratungskultur intern in der Organisation weiterentwickeln und pr\u00e4gen sollen. Dies spart Zeit und Geld und f\u00f6rdert die Motivation, wo die Wirkung am gr\u00f6\u00dften ist, und [&hellip;]<\/p>\n","protected":false},"author":3,"featured_media":715,"parent":0,"menu_order":0,"comment_status":"closed","ping_status":"closed","template":"","meta":{"_mi_skip_tracking":false,"_genesis_hide_title":false,"_genesis_hide_breadcrumbs":false,"_genesis_hide_singular_image":false,"_genesis_hide_footer_widgets":false,"_genesis_custom_body_class":"","_genesis_custom_post_class":"","_genesis_layout":""},"yoast_head":"<!-- This site is optimized with the Yoast SEO plugin v19.7.1 - https:\/\/yoast.com\/wordpress\/plugins\/seo\/ -->\n<title>Gesch\u00e4ftsmodell | Brynk Business Academy<\/title>\n<meta name=\"robots\" content=\"index, follow, max-snippet:-1, max-image-preview:large, max-video-preview:-1\" \/>\n<link rel=\"canonical\" href=\"https:\/\/brynk.dk\/de\/geschaeftsmodell\/\" \/>\n<meta property=\"og:locale\" content=\"de_DE\" \/>\n<meta property=\"og:type\" content=\"article\" \/>\n<meta property=\"og:title\" content=\"Gesch\u00e4ftsmodell | Brynk Business Academy\" \/>\n<meta property=\"og:description\" content=\"Im Gegensatz zu anderen Beraterunternehmen r\u00fccke ich nicht mit einem gro\u00dfen Team an. Stattdessen finde ich intern bei Ihnen die Botschafter, die F\u00fchrungskr\u00e4fte und die Verkaufstalente, die die Verkaufs- bzw. Beratungskultur intern in der Organisation weiterentwickeln und pr\u00e4gen sollen. Dies spart Zeit und Geld und f\u00f6rdert die Motivation, wo die Wirkung am gr\u00f6\u00dften ist, und [&hellip;]\" \/>\n<meta property=\"og:url\" content=\"https:\/\/brynk.dk\/de\/geschaeftsmodell\/\" \/>\n<meta property=\"og:site_name\" content=\"Brynk Business Academy\" \/>\n<meta property=\"article:modified_time\" content=\"2016-12-10T12:56:59+00:00\" \/>\n<meta property=\"og:image\" content=\"https:\/\/brynk.dk\/wp-content\/uploads\/2016\/07\/BBJ-grey-9.jpg\" \/>\n\t<meta property=\"og:image:width\" content=\"1600\" \/>\n\t<meta property=\"og:image:height\" content=\"1050\" \/>\n\t<meta property=\"og:image:type\" content=\"image\/jpeg\" \/>\n<meta name=\"twitter:card\" content=\"summary\" \/>\n<meta name=\"twitter:label1\" content=\"Gesch\u00e4tzte Lesezeit\" \/>\n\t<meta name=\"twitter:data1\" content=\"1\u00a0Minute\" \/>\n<script type=\"application\/ld+json\" class=\"yoast-schema-graph\">{\"@context\":\"https:\/\/schema.org\",\"@graph\":[{\"@type\":\"WebPage\",\"@id\":\"https:\/\/brynk.dk\/de\/geschaeftsmodell\/\",\"url\":\"https:\/\/brynk.dk\/de\/geschaeftsmodell\/\",\"name\":\"Gesch\u00e4ftsmodell | Brynk Business Academy\",\"isPartOf\":{\"@id\":\"https:\/\/brynk.dk\/#website\"},\"datePublished\":\"2016-08-30T13:11:14+00:00\",\"dateModified\":\"2016-12-10T12:56:59+00:00\",\"breadcrumb\":{\"@id\":\"https:\/\/brynk.dk\/de\/geschaeftsmodell\/#breadcrumb\"},\"inLanguage\":\"de\",\"potentialAction\":[{\"@type\":\"ReadAction\",\"target\":[\"https:\/\/brynk.dk\/de\/geschaeftsmodell\/\"]}]},{\"@type\":\"BreadcrumbList\",\"@id\":\"https:\/\/brynk.dk\/de\/geschaeftsmodell\/#breadcrumb\",\"itemListElement\":[{\"@type\":\"ListItem\",\"position\":1,\"name\":\"Hjem\",\"item\":\"https:\/\/brynk.dk\/de\/\"},{\"@type\":\"ListItem\",\"position\":2,\"name\":\"Gesch\u00e4ftsmodell\"}]},{\"@type\":\"WebSite\",\"@id\":\"https:\/\/brynk.dk\/#website\",\"url\":\"https:\/\/brynk.dk\/\",\"name\":\"Brynk Business Academy\",\"description\":\"Improving Your Sales Culture\",\"potentialAction\":[{\"@type\":\"SearchAction\",\"target\":{\"@type\":\"EntryPoint\",\"urlTemplate\":\"https:\/\/brynk.dk\/?s={search_term_string}\"},\"query-input\":\"required name=search_term_string\"}],\"inLanguage\":\"de\"}]}<\/script>\n<!-- \/ Yoast SEO plugin. -->","yoast_head_json":{"title":"Gesch\u00e4ftsmodell | Brynk Business Academy","robots":{"index":"index","follow":"follow","max-snippet":"max-snippet:-1","max-image-preview":"max-image-preview:large","max-video-preview":"max-video-preview:-1"},"canonical":"https:\/\/brynk.dk\/de\/geschaeftsmodell\/","og_locale":"de_DE","og_type":"article","og_title":"Gesch\u00e4ftsmodell | Brynk Business Academy","og_description":"Im Gegensatz zu anderen Beraterunternehmen r\u00fccke ich nicht mit einem gro\u00dfen Team an. Stattdessen finde ich intern bei Ihnen die Botschafter, die F\u00fchrungskr\u00e4fte und die Verkaufstalente, die die Verkaufs- bzw. Beratungskultur intern in der Organisation weiterentwickeln und pr\u00e4gen sollen. Dies spart Zeit und Geld und f\u00f6rdert die Motivation, wo die Wirkung am gr\u00f6\u00dften ist, und [&hellip;]","og_url":"https:\/\/brynk.dk\/de\/geschaeftsmodell\/","og_site_name":"Brynk Business Academy","article_modified_time":"2016-12-10T12:56:59+00:00","og_image":[{"width":1600,"height":1050,"url":"https:\/\/brynk.dk\/wp-content\/uploads\/2016\/07\/BBJ-grey-9.jpg","type":"image\/jpeg"}],"twitter_card":"summary","twitter_misc":{"Gesch\u00e4tzte Lesezeit":"1\u00a0Minute"},"schema":{"@context":"https:\/\/schema.org","@graph":[{"@type":"WebPage","@id":"https:\/\/brynk.dk\/de\/geschaeftsmodell\/","url":"https:\/\/brynk.dk\/de\/geschaeftsmodell\/","name":"Gesch\u00e4ftsmodell | Brynk Business Academy","isPartOf":{"@id":"https:\/\/brynk.dk\/#website"},"datePublished":"2016-08-30T13:11:14+00:00","dateModified":"2016-12-10T12:56:59+00:00","breadcrumb":{"@id":"https:\/\/brynk.dk\/de\/geschaeftsmodell\/#breadcrumb"},"inLanguage":"de","potentialAction":[{"@type":"ReadAction","target":["https:\/\/brynk.dk\/de\/geschaeftsmodell\/"]}]},{"@type":"BreadcrumbList","@id":"https:\/\/brynk.dk\/de\/geschaeftsmodell\/#breadcrumb","itemListElement":[{"@type":"ListItem","position":1,"name":"Hjem","item":"https:\/\/brynk.dk\/de\/"},{"@type":"ListItem","position":2,"name":"Gesch\u00e4ftsmodell"}]},{"@type":"WebSite","@id":"https:\/\/brynk.dk\/#website","url":"https:\/\/brynk.dk\/","name":"Brynk Business Academy","description":"Improving Your Sales Culture","potentialAction":[{"@type":"SearchAction","target":{"@type":"EntryPoint","urlTemplate":"https:\/\/brynk.dk\/?s={search_term_string}"},"query-input":"required name=search_term_string"}],"inLanguage":"de"}]}},"jetpack_sharing_enabled":true,"jetpack_shortlink":"https:\/\/wp.me\/P7HKK1-bW","_links":{"self":[{"href":"https:\/\/brynk.dk\/de\/wp-json\/wp\/v2\/pages\/740"}],"collection":[{"href":"https:\/\/brynk.dk\/de\/wp-json\/wp\/v2\/pages"}],"about":[{"href":"https:\/\/brynk.dk\/de\/wp-json\/wp\/v2\/types\/page"}],"author":[{"embeddable":true,"href":"https:\/\/brynk.dk\/de\/wp-json\/wp\/v2\/users\/3"}],"replies":[{"embeddable":true,"href":"https:\/\/brynk.dk\/de\/wp-json\/wp\/v2\/comments?post=740"}],"version-history":[{"count":4,"href":"https:\/\/brynk.dk\/de\/wp-json\/wp\/v2\/pages\/740\/revisions"}],"predecessor-version":[{"id":873,"href":"https:\/\/brynk.dk\/de\/wp-json\/wp\/v2\/pages\/740\/revisions\/873"}],"wp:featuredmedia":[{"embeddable":true,"href":"https:\/\/brynk.dk\/de\/wp-json\/wp\/v2\/media\/715"}],"wp:attachment":[{"href":"https:\/\/brynk.dk\/de\/wp-json\/wp\/v2\/media?parent=740"}],"curies":[{"name":"wp","href":"https:\/\/api.w.org\/{rel}","templated":true}]}}