{"id":749,"date":"2016-08-30T15:15:47","date_gmt":"2016-08-30T13:15:47","guid":{"rendered":"https:\/\/brynk.dk\/de\/?page_id=749"},"modified":"2026-01-26T13:35:28","modified_gmt":"2026-01-26T12:35:28","slug":"fundraiser","status":"publish","type":"page","link":"https:\/\/brynk.dk\/de\/fundraiser\/","title":{"rendered":"Fundraiser"},"content":{"rendered":"<p>Seit 2026 habe ich mich dazu entschlossen, die d\u00e4nische Kinderkrebshilfe (B\u00f8rnecancerfonden) zu unterst\u00fctzen, indem ich jedes Jahr das Team Rynkeby Projekt finanziell unterst\u00fctze.<\/p>\n<p><a href=\"https:\/\/boernecancerfonden.dk\/\" target=\"_blank\" rel=\"noopener\"><img loading=\"lazy\" class=\"wp-image-619 size-medium alignnone\" src=\"https:\/\/brynk.dk\/wp-content\/uploads\/2016\/07\/bcf-logo-rgb-png-png-300x41.png\" alt=\"bcf-logo-rgb-png-png\" width=\"300\" height=\"41\" srcset=\"https:\/\/brynk.dk\/wp-content\/uploads\/2016\/07\/bcf-logo-rgb-png-png-300x41.png 300w, https:\/\/brynk.dk\/wp-content\/uploads\/2016\/07\/bcf-logo-rgb-png-png-768x105.png 768w, https:\/\/brynk.dk\/wp-content\/uploads\/2016\/07\/bcf-logo-rgb-png-png-1024x140.png 1024w\" sizes=\"(max-width: 300px) 100vw, 300px\" \/><\/a><br \/>\nIm Jahre 2016 habe ich mich dazu entschlossen, die d\u00e4nische Kinderkrebshilfe (B\u00f8rnecancerfonden) zu unterst\u00fctzen, indem ich sowohl Goldsponsor geworden bin und im Team Rynkeby an der Radtour nach Paris teilgenommen habe.<\/p>\n<p>Team Rynkeby ist ein skandinavisches Fahrradteam, das f\u00fcr Wohlt\u00e4tigkeitszwecke jedes Jahr nach Paris f\u00e4hrt, um Geld f\u00fcr Kinder mit Krebs und ihre Familien zu sammeln.<\/p>\n<p>Team Rynkeby wurde 2002 gegr\u00fcndet, als 11 Freizeitradler mit Relation zum d\u00e4nischen Safthersteller Rynkeby Foods A\/S sich dazu entschlossen, mit dem Rad nach Paris zu fahren, um den Abschluss der Tour de France vor Ort zu erleben.<\/p>\n<p>Innerhalb fast eines Jahres m\u00fcssen die Teilnehmer nicht nur eine Form f\u00fcr die gut 1.200 km nach Paris aufbauen sondern sich auch verpflichten, einen Einsatz zu tun, um Geld f\u00fcr Kinder mit Krebs und ihre Familien zu sammeln.<\/p>\n<p>Das Unternehmen Rynkeby Foods A\/S tr\u00e4gt die Kosten des Projekts, und dies bedeutet, dass die Mittel, die vom Team Rynkeby in den einzelnen L\u00e4ndern gesammelt werden, ungek\u00fcrzt der Kinderkrebshilfeorganisation im jeweiligen Land zuflie\u00dft. In D\u00e4nemark erh\u00e4lt die d\u00e4nische Kinderkrebshilfe (B\u00f8rnecancerfonden) die gesammelten Mittel.<\/p>\n<p>Erfahren Sie mehr auf der <a href=\"http:\/\/www.team-rynkeby.com\/\" target=\"_blank\" rel=\"noopener\">Homepage von Team Rynkeby<\/a><br \/>\n<a href=\"http:\/\/www.team-rynkeby.dk\/\" target=\"_blank\" rel=\"noopener\"><img loading=\"lazy\" class=\"wp-image-622 size-medium alignnone\" src=\"https:\/\/brynk.dk\/wp-content\/uploads\/2016\/07\/team-rynkeby-jpg-1-300x195.jpeg\" alt=\"Team_Rynkeby\" width=\"300\" height=\"195\" srcset=\"https:\/\/brynk.dk\/wp-content\/uploads\/2016\/07\/team-rynkeby-jpg-1-300x195.jpeg 300w, https:\/\/brynk.dk\/wp-content\/uploads\/2016\/07\/team-rynkeby-jpg-1.jpeg 577w\" sizes=\"(max-width: 300px) 100vw, 300px\" \/><\/a><\/p>\n","protected":false},"excerpt":{"rendered":"<p>Seit 2026 habe ich mich dazu entschlossen, die d\u00e4nische Kinderkrebshilfe (B\u00f8rnecancerfonden) zu unterst\u00fctzen, indem ich jedes Jahr das Team Rynkeby Projekt finanziell unterst\u00fctze. Im Jahre 2016 habe ich mich dazu entschlossen, die d\u00e4nische Kinderkrebshilfe (B\u00f8rnecancerfonden) zu unterst\u00fctzen, indem ich sowohl Goldsponsor geworden bin und im Team Rynkeby an der Radtour nach Paris teilgenommen habe. Team [&hellip;]<\/p>\n","protected":false},"author":3,"featured_media":717,"parent":0,"menu_order":0,"comment_status":"closed","ping_status":"closed","template":"","meta":{"_mi_skip_tracking":false,"_genesis_hide_title":false,"_genesis_hide_breadcrumbs":false,"_genesis_hide_singular_image":false,"_genesis_hide_footer_widgets":false,"_genesis_custom_body_class":"","_genesis_custom_post_class":"","_genesis_layout":""},"yoast_head":"<!-- This site is optimized with the Yoast SEO plugin v19.7.1 - https:\/\/yoast.com\/wordpress\/plugins\/seo\/ -->\n<title>Fundraiser | Brynk Business Academy<\/title>\n<meta name=\"robots\" content=\"index, follow, max-snippet:-1, max-image-preview:large, max-video-preview:-1\" \/>\n<link rel=\"canonical\" href=\"https:\/\/brynk.dk\/de\/fundraiser\/\" \/>\n<meta property=\"og:locale\" content=\"de_DE\" \/>\n<meta property=\"og:type\" content=\"article\" \/>\n<meta property=\"og:title\" content=\"Fundraiser | Brynk Business Academy\" \/>\n<meta property=\"og:description\" content=\"Seit 2026 habe ich mich dazu entschlossen, die d\u00e4nische Kinderkrebshilfe (B\u00f8rnecancerfonden) zu unterst\u00fctzen, indem ich jedes Jahr das Team Rynkeby Projekt finanziell unterst\u00fctze. Im Jahre 2016 habe ich mich dazu entschlossen, die d\u00e4nische Kinderkrebshilfe (B\u00f8rnecancerfonden) zu unterst\u00fctzen, indem ich sowohl Goldsponsor geworden bin und im Team Rynkeby an der Radtour nach Paris teilgenommen habe. Team [&hellip;]\" \/>\n<meta property=\"og:url\" content=\"https:\/\/brynk.dk\/de\/fundraiser\/\" \/>\n<meta property=\"og:site_name\" content=\"Brynk Business Academy\" \/>\n<meta property=\"article:modified_time\" content=\"2026-01-26T12:35:28+00:00\" \/>\n<meta property=\"og:image\" content=\"https:\/\/brynk.dk\/wp-content\/uploads\/2016\/07\/BBJ-grey-10.jpg\" \/>\n\t<meta property=\"og:image:width\" content=\"1600\" \/>\n\t<meta property=\"og:image:height\" content=\"1050\" \/>\n\t<meta property=\"og:image:type\" content=\"image\/jpeg\" \/>\n<meta name=\"twitter:card\" content=\"summary\" \/>\n<meta name=\"twitter:label1\" content=\"Gesch\u00e4tzte Lesezeit\" \/>\n\t<meta name=\"twitter:data1\" content=\"2\u00a0Minuten\" \/>\n<script type=\"application\/ld+json\" class=\"yoast-schema-graph\">{\"@context\":\"https:\/\/schema.org\",\"@graph\":[{\"@type\":\"WebPage\",\"@id\":\"https:\/\/brynk.dk\/de\/fundraiser\/\",\"url\":\"https:\/\/brynk.dk\/de\/fundraiser\/\",\"name\":\"Fundraiser | Brynk Business Academy\",\"isPartOf\":{\"@id\":\"https:\/\/brynk.dk\/#website\"},\"datePublished\":\"2016-08-30T13:15:47+00:00\",\"dateModified\":\"2026-01-26T12:35:28+00:00\",\"breadcrumb\":{\"@id\":\"https:\/\/brynk.dk\/de\/fundraiser\/#breadcrumb\"},\"inLanguage\":\"de\",\"potentialAction\":[{\"@type\":\"ReadAction\",\"target\":[\"https:\/\/brynk.dk\/de\/fundraiser\/\"]}]},{\"@type\":\"BreadcrumbList\",\"@id\":\"https:\/\/brynk.dk\/de\/fundraiser\/#breadcrumb\",\"itemListElement\":[{\"@type\":\"ListItem\",\"position\":1,\"name\":\"Hjem\",\"item\":\"https:\/\/brynk.dk\/de\/\"},{\"@type\":\"ListItem\",\"position\":2,\"name\":\"Fundraiser\"}]},{\"@type\":\"WebSite\",\"@id\":\"https:\/\/brynk.dk\/#website\",\"url\":\"https:\/\/brynk.dk\/\",\"name\":\"Brynk Business Academy\",\"description\":\"Improving Your Sales Culture\",\"potentialAction\":[{\"@type\":\"SearchAction\",\"target\":{\"@type\":\"EntryPoint\",\"urlTemplate\":\"https:\/\/brynk.dk\/?s={search_term_string}\"},\"query-input\":\"required name=search_term_string\"}],\"inLanguage\":\"de\"}]}<\/script>\n<!-- \/ Yoast SEO plugin. -->","yoast_head_json":{"title":"Fundraiser | Brynk Business Academy","robots":{"index":"index","follow":"follow","max-snippet":"max-snippet:-1","max-image-preview":"max-image-preview:large","max-video-preview":"max-video-preview:-1"},"canonical":"https:\/\/brynk.dk\/de\/fundraiser\/","og_locale":"de_DE","og_type":"article","og_title":"Fundraiser | Brynk Business Academy","og_description":"Seit 2026 habe ich mich dazu entschlossen, die d\u00e4nische Kinderkrebshilfe (B\u00f8rnecancerfonden) zu unterst\u00fctzen, indem ich jedes Jahr das Team Rynkeby Projekt finanziell unterst\u00fctze. Im Jahre 2016 habe ich mich dazu entschlossen, die d\u00e4nische Kinderkrebshilfe (B\u00f8rnecancerfonden) zu unterst\u00fctzen, indem ich sowohl Goldsponsor geworden bin und im Team Rynkeby an der Radtour nach Paris teilgenommen habe. Team [&hellip;]","og_url":"https:\/\/brynk.dk\/de\/fundraiser\/","og_site_name":"Brynk Business Academy","article_modified_time":"2026-01-26T12:35:28+00:00","og_image":[{"width":1600,"height":1050,"url":"https:\/\/brynk.dk\/wp-content\/uploads\/2016\/07\/BBJ-grey-10.jpg","type":"image\/jpeg"}],"twitter_card":"summary","twitter_misc":{"Gesch\u00e4tzte Lesezeit":"2\u00a0Minuten"},"schema":{"@context":"https:\/\/schema.org","@graph":[{"@type":"WebPage","@id":"https:\/\/brynk.dk\/de\/fundraiser\/","url":"https:\/\/brynk.dk\/de\/fundraiser\/","name":"Fundraiser | Brynk Business Academy","isPartOf":{"@id":"https:\/\/brynk.dk\/#website"},"datePublished":"2016-08-30T13:15:47+00:00","dateModified":"2026-01-26T12:35:28+00:00","breadcrumb":{"@id":"https:\/\/brynk.dk\/de\/fundraiser\/#breadcrumb"},"inLanguage":"de","potentialAction":[{"@type":"ReadAction","target":["https:\/\/brynk.dk\/de\/fundraiser\/"]}]},{"@type":"BreadcrumbList","@id":"https:\/\/brynk.dk\/de\/fundraiser\/#breadcrumb","itemListElement":[{"@type":"ListItem","position":1,"name":"Hjem","item":"https:\/\/brynk.dk\/de\/"},{"@type":"ListItem","position":2,"name":"Fundraiser"}]},{"@type":"WebSite","@id":"https:\/\/brynk.dk\/#website","url":"https:\/\/brynk.dk\/","name":"Brynk Business Academy","description":"Improving Your Sales Culture","potentialAction":[{"@type":"SearchAction","target":{"@type":"EntryPoint","urlTemplate":"https:\/\/brynk.dk\/?s={search_term_string}"},"query-input":"required name=search_term_string"}],"inLanguage":"de"}]}},"jetpack_sharing_enabled":true,"jetpack_shortlink":"https:\/\/wp.me\/P7HKK1-c5","_links":{"self":[{"href":"https:\/\/brynk.dk\/de\/wp-json\/wp\/v2\/pages\/749"}],"collection":[{"href":"https:\/\/brynk.dk\/de\/wp-json\/wp\/v2\/pages"}],"about":[{"href":"https:\/\/brynk.dk\/de\/wp-json\/wp\/v2\/types\/page"}],"author":[{"embeddable":true,"href":"https:\/\/brynk.dk\/de\/wp-json\/wp\/v2\/users\/3"}],"replies":[{"embeddable":true,"href":"https:\/\/brynk.dk\/de\/wp-json\/wp\/v2\/comments?post=749"}],"version-history":[{"count":2,"href":"https:\/\/brynk.dk\/de\/wp-json\/wp\/v2\/pages\/749\/revisions"}],"predecessor-version":[{"id":9224,"href":"https:\/\/brynk.dk\/de\/wp-json\/wp\/v2\/pages\/749\/revisions\/9224"}],"wp:featuredmedia":[{"embeddable":true,"href":"https:\/\/brynk.dk\/de\/wp-json\/wp\/v2\/media\/717"}],"wp:attachment":[{"href":"https:\/\/brynk.dk\/de\/wp-json\/wp\/v2\/media?parent=749"}],"curies":[{"name":"wp","href":"https:\/\/api.w.org\/{rel}","templated":true}]}}