{"id":751,"date":"2016-08-30T15:17:59","date_gmt":"2016-08-30T13:17:59","guid":{"rendered":"https:\/\/brynk.dk\/de\/?page_id=751"},"modified":"2016-09-28T12:52:55","modified_gmt":"2016-09-28T10:52:55","slug":"kontakt","status":"publish","type":"page","link":"https:\/\/brynk.dk\/de\/kontakt\/","title":{"rendered":"Kontakt"},"content":{"rendered":"<p>Die gute Schulung beginnt mit einem Gespr\u00e4ch, bei dem ich Ihr Unternehmen und Ihre Bed\u00fcrfnisse nach Kompetenzentwicklung kennenlerne. Nehmen Sie Zucker oder Sahne f\u00fcr Ihren Kaffee?<\/p>\n<div id='contact-form-751'>\n<form action='https:\/\/brynk.dk\/de\/kontakt\/#contact-form-751' method='post' class='contact-form commentsblock'>\n<script>\n\t\t\t( function () {\n\t\t\t\tconst contact_forms = document.getElementsByClassName('contact-form');\n\n\t\t\t\tfor ( const form of contact_forms ) {\n\t\t\t\t\tform.onsubmit = function() {\n\t\t\t\t\t\tconst buttons = form.getElementsByTagName('button');\n\n\t\t\t\t\t\tfor( const button of buttons ) {\n\t\t\t\t\t\t\tbutton.setAttribute('disabled', true);\n\t\t\t\t\t\t}\n\t\t\t\t\t}\n\t\t\t\t}\n\t\t\t} )();\n\t\t<\/script>\n<div class='grunion-field-wrap grunion-field-name-wrap'  >\n<label\n\t\t\t\tfor='g751-name'\n\t\t\t\tclass='grunion-field-label name'\n\t\t\t\t>Name<span>(erforderlich)<\/span><\/label>\n<input\n\t\t\t\t\ttype='text'\n\t\t\t\t\tname='g751-name'\n\t\t\t\t\tid='g751-name'\n\t\t\t\t\tvalue=''\n\t\t\t\t\tclass='name' \n\t\t\t\t\trequired aria-required='true'\n\t\t\t\t\/>\n\t<\/div>\n\n<div class='grunion-field-wrap grunion-field-email-wrap'  >\n<label\n\t\t\t\tfor='g751-email'\n\t\t\t\tclass='grunion-field-label email'\n\t\t\t\t>E-mail<span>(erforderlich)<\/span><\/label>\n<input\n\t\t\t\t\ttype='email'\n\t\t\t\t\tname='g751-email'\n\t\t\t\t\tid='g751-email'\n\t\t\t\t\tvalue=''\n\t\t\t\t\tclass='email' \n\t\t\t\t\trequired aria-required='true'\n\t\t\t\t\/>\n\t<\/div>\n\n<div class='grunion-field-wrap grunion-field-text-wrap'  >\n<label\n\t\t\t\tfor='g751-telefon'\n\t\t\t\tclass='grunion-field-label text'\n\t\t\t\t>Telefon<\/label>\n<input\n\t\t\t\t\ttype='text'\n\t\t\t\t\tname='g751-telefon'\n\t\t\t\t\tid='g751-telefon'\n\t\t\t\t\tvalue=''\n\t\t\t\t\tclass='text' \n\t\t\t\t\t\n\t\t\t\t\/>\n\t<\/div>\n\n<div class='grunion-field-wrap grunion-field-textarea-wrap'  >\n<label\n\t\t\t\tfor='contact-form-comment-g751-kommentar'\n\t\t\t\tclass='grunion-field-label textarea'\n\t\t\t\t>Kommentar<span>(erforderlich)<\/span><\/label>\n<textarea\n\t\t                name='g751-kommentar'\n\t\t                id='contact-form-comment-g751-kommentar'\n\t\t                rows='20' class='textarea'  required aria-required='true'><\/textarea>\n\t<\/div>\n\n<div class='grunion-field-wrap grunion-field-checkbox-multiple-wrap'  >\n<label\n\t\t\t\tfor='g751-kaffee'\n\t\t\t\tclass='grunion-field-label'\n\t\t\t\t>Kaffee<\/label>\n\t\t<label class='grunion-checkbox-multiple-label checkbox-multiple'><input type='checkbox' name='g751-kaffee[]' value='Sahne' class='checkbox-multiple'  \/> Sahne<\/label>\n\t\t<div class='clear-form'><\/div>\n\t\t<label class='grunion-checkbox-multiple-label checkbox-multiple'><input type='checkbox' name='g751-kaffee[]' value='Zucker' class='checkbox-multiple'  \/> Zucker<\/label>\n\t\t<div class='clear-form'><\/div>\n\t\t<label class='grunion-checkbox-multiple-label checkbox-multiple'><input type='checkbox' name='g751-kaffee[]' value='Schwarz' class='checkbox-multiple'  \/> Schwarz<\/label>\n\t\t<div class='clear-form'><\/div>\n\t<\/div>\n\t<p class='contact-submit'>\n\t\t<button type='submit' class='pushbutton-wide'>Senden<\/button>\t\t<input type='hidden' name='contact-form-id' value='751' \/>\n\t\t<input type='hidden' name='action' value='grunion-contact-form' \/>\n\t\t<input type='hidden' name='contact-form-hash' value='1a81ce988246cbe7d4843dffe9e2a57e00c03535' \/>\n\t<\/p>\n<p style=\"display: none !important;\"><label>&#916;<textarea name=\"ak_hp_textarea\" cols=\"45\" rows=\"8\" maxlength=\"100\"><\/textarea><\/label><input type=\"hidden\" id=\"ak_js_1\" name=\"ak_js\" value=\"29\"\/><script>document.getElementById( \"ak_js_1\" ).setAttribute( \"value\", ( new Date() ).getTime() );<\/script><\/p><\/form>\n<\/div>\n","protected":false},"excerpt":{"rendered":"<p>Die gute Schulung beginnt mit einem Gespr\u00e4ch, bei dem ich Ihr Unternehmen und Ihre Bed\u00fcrfnisse nach Kompetenzentwicklung kennenlerne. Nehmen Sie Zucker oder Sahne f\u00fcr Ihren Kaffee?<\/p>\n","protected":false},"author":3,"featured_media":699,"parent":0,"menu_order":0,"comment_status":"closed","ping_status":"closed","template":"","meta":{"_mi_skip_tracking":false,"_genesis_hide_title":false,"_genesis_hide_breadcrumbs":false,"_genesis_hide_singular_image":false,"_genesis_hide_footer_widgets":false,"_genesis_custom_body_class":"","_genesis_custom_post_class":"","_genesis_layout":""},"yoast_head":"<!-- This site is optimized with the Yoast SEO plugin v19.7.1 - https:\/\/yoast.com\/wordpress\/plugins\/seo\/ -->\n<title>Kontakt | Brynk Business Academy<\/title>\n<meta name=\"robots\" content=\"index, follow, max-snippet:-1, max-image-preview:large, max-video-preview:-1\" \/>\n<link rel=\"canonical\" href=\"https:\/\/brynk.dk\/de\/kontakt\/\" \/>\n<meta property=\"og:locale\" content=\"de_DE\" \/>\n<meta property=\"og:type\" content=\"article\" \/>\n<meta property=\"og:title\" content=\"Kontakt | Brynk Business Academy\" \/>\n<meta property=\"og:description\" content=\"Die gute Schulung beginnt mit einem Gespr\u00e4ch, bei dem ich Ihr Unternehmen und Ihre Bed\u00fcrfnisse nach Kompetenzentwicklung kennenlerne. Nehmen Sie Zucker oder Sahne f\u00fcr Ihren Kaffee?\" \/>\n<meta property=\"og:url\" content=\"https:\/\/brynk.dk\/de\/kontakt\/\" \/>\n<meta property=\"og:site_name\" content=\"Brynk Business Academy\" \/>\n<meta property=\"article:modified_time\" content=\"2016-09-28T10:52:55+00:00\" \/>\n<meta property=\"og:image\" content=\"https:\/\/brynk.dk\/wp-content\/uploads\/2016\/07\/BBJ-grey.jpg\" \/>\n\t<meta property=\"og:image:width\" content=\"1600\" \/>\n\t<meta property=\"og:image:height\" content=\"1050\" \/>\n\t<meta property=\"og:image:type\" content=\"image\/jpeg\" \/>\n<meta name=\"twitter:card\" content=\"summary\" \/>\n<script type=\"application\/ld+json\" class=\"yoast-schema-graph\">{\"@context\":\"https:\/\/schema.org\",\"@graph\":[{\"@type\":\"WebPage\",\"@id\":\"https:\/\/brynk.dk\/de\/kontakt\/\",\"url\":\"https:\/\/brynk.dk\/de\/kontakt\/\",\"name\":\"Kontakt | Brynk Business Academy\",\"isPartOf\":{\"@id\":\"https:\/\/brynk.dk\/#website\"},\"datePublished\":\"2016-08-30T13:17:59+00:00\",\"dateModified\":\"2016-09-28T10:52:55+00:00\",\"breadcrumb\":{\"@id\":\"https:\/\/brynk.dk\/de\/kontakt\/#breadcrumb\"},\"inLanguage\":\"de\",\"potentialAction\":[{\"@type\":\"ReadAction\",\"target\":[\"https:\/\/brynk.dk\/de\/kontakt\/\"]}]},{\"@type\":\"BreadcrumbList\",\"@id\":\"https:\/\/brynk.dk\/de\/kontakt\/#breadcrumb\",\"itemListElement\":[{\"@type\":\"ListItem\",\"position\":1,\"name\":\"Hjem\",\"item\":\"https:\/\/brynk.dk\/de\/\"},{\"@type\":\"ListItem\",\"position\":2,\"name\":\"Kontakt\"}]},{\"@type\":\"WebSite\",\"@id\":\"https:\/\/brynk.dk\/#website\",\"url\":\"https:\/\/brynk.dk\/\",\"name\":\"Brynk Business Academy\",\"description\":\"Improving Your Sales Culture\",\"potentialAction\":[{\"@type\":\"SearchAction\",\"target\":{\"@type\":\"EntryPoint\",\"urlTemplate\":\"https:\/\/brynk.dk\/?s={search_term_string}\"},\"query-input\":\"required name=search_term_string\"}],\"inLanguage\":\"de\"}]}<\/script>\n<!-- \/ Yoast SEO plugin. -->","yoast_head_json":{"title":"Kontakt | Brynk Business Academy","robots":{"index":"index","follow":"follow","max-snippet":"max-snippet:-1","max-image-preview":"max-image-preview:large","max-video-preview":"max-video-preview:-1"},"canonical":"https:\/\/brynk.dk\/de\/kontakt\/","og_locale":"de_DE","og_type":"article","og_title":"Kontakt | Brynk Business Academy","og_description":"Die gute Schulung beginnt mit einem Gespr\u00e4ch, bei dem ich Ihr Unternehmen und Ihre Bed\u00fcrfnisse nach Kompetenzentwicklung kennenlerne. Nehmen Sie Zucker oder Sahne f\u00fcr Ihren Kaffee?","og_url":"https:\/\/brynk.dk\/de\/kontakt\/","og_site_name":"Brynk Business Academy","article_modified_time":"2016-09-28T10:52:55+00:00","og_image":[{"width":1600,"height":1050,"url":"https:\/\/brynk.dk\/wp-content\/uploads\/2016\/07\/BBJ-grey.jpg","type":"image\/jpeg"}],"twitter_card":"summary","schema":{"@context":"https:\/\/schema.org","@graph":[{"@type":"WebPage","@id":"https:\/\/brynk.dk\/de\/kontakt\/","url":"https:\/\/brynk.dk\/de\/kontakt\/","name":"Kontakt | Brynk Business Academy","isPartOf":{"@id":"https:\/\/brynk.dk\/#website"},"datePublished":"2016-08-30T13:17:59+00:00","dateModified":"2016-09-28T10:52:55+00:00","breadcrumb":{"@id":"https:\/\/brynk.dk\/de\/kontakt\/#breadcrumb"},"inLanguage":"de","potentialAction":[{"@type":"ReadAction","target":["https:\/\/brynk.dk\/de\/kontakt\/"]}]},{"@type":"BreadcrumbList","@id":"https:\/\/brynk.dk\/de\/kontakt\/#breadcrumb","itemListElement":[{"@type":"ListItem","position":1,"name":"Hjem","item":"https:\/\/brynk.dk\/de\/"},{"@type":"ListItem","position":2,"name":"Kontakt"}]},{"@type":"WebSite","@id":"https:\/\/brynk.dk\/#website","url":"https:\/\/brynk.dk\/","name":"Brynk Business Academy","description":"Improving Your Sales Culture","potentialAction":[{"@type":"SearchAction","target":{"@type":"EntryPoint","urlTemplate":"https:\/\/brynk.dk\/?s={search_term_string}"},"query-input":"required name=search_term_string"}],"inLanguage":"de"}]}},"jetpack_sharing_enabled":true,"jetpack_shortlink":"https:\/\/wp.me\/P7HKK1-c7","_links":{"self":[{"href":"https:\/\/brynk.dk\/de\/wp-json\/wp\/v2\/pages\/751"}],"collection":[{"href":"https:\/\/brynk.dk\/de\/wp-json\/wp\/v2\/pages"}],"about":[{"href":"https:\/\/brynk.dk\/de\/wp-json\/wp\/v2\/types\/page"}],"author":[{"embeddable":true,"href":"https:\/\/brynk.dk\/de\/wp-json\/wp\/v2\/users\/3"}],"replies":[{"embeddable":true,"href":"https:\/\/brynk.dk\/de\/wp-json\/wp\/v2\/comments?post=751"}],"version-history":[{"count":5,"href":"https:\/\/brynk.dk\/de\/wp-json\/wp\/v2\/pages\/751\/revisions"}],"predecessor-version":[{"id":864,"href":"https:\/\/brynk.dk\/de\/wp-json\/wp\/v2\/pages\/751\/revisions\/864"}],"wp:featuredmedia":[{"embeddable":true,"href":"https:\/\/brynk.dk\/de\/wp-json\/wp\/v2\/media\/699"}],"wp:attachment":[{"href":"https:\/\/brynk.dk\/de\/wp-json\/wp\/v2\/media?parent=751"}],"curies":[{"name":"wp","href":"https:\/\/api.w.org\/{rel}","templated":true}]}}