{"id":759,"date":"2016-08-30T16:07:49","date_gmt":"2016-08-30T14:07:49","guid":{"rendered":"https:\/\/brynk.dk\/de\/?page_id=759"},"modified":"2016-09-28T13:04:02","modified_gmt":"2016-09-28T11:04:02","slug":"fuehrungskultur","status":"publish","type":"page","link":"https:\/\/brynk.dk\/de\/fuehrungskultur\/","title":{"rendered":"Managementkultur"},"content":{"rendered":"<p>Ich veranstalte gern selbst und zusammen mit externen Kooperationspartnern Schulungen in den folgenden Themen im Bereich F\u00fchrung:<\/p>\n<ul>\n<li>Vertriebsberatung<\/li>\n<li>Pers\u00f6nliche F\u00fchrung<\/li>\n<li>Internationale Distanzf\u00fchrung<\/li>\n<li>Relationsgest\u00fctzte F\u00fchrung<\/li>\n<li>Projektleitung<\/li>\n<li>High Performance Team Management<\/li>\n<\/ul>\n<p>Die Schulung l\u00e4uft typisch \u00fcber 2-3 Tage, sie wird jedoch nach Ihren Bed\u00fcrfnissen ma\u00dfgeschneidert und je nach Ihren W\u00fcnschen mit On-the-job-Training, individuellem Coaching und\/oder Online-Training kombiniert.<\/p>\n","protected":false},"excerpt":{"rendered":"<p>Ich veranstalte gern selbst und zusammen mit externen Kooperationspartnern Schulungen in den folgenden Themen im Bereich F\u00fchrung: Vertriebsberatung Pers\u00f6nliche F\u00fchrung Internationale Distanzf\u00fchrung Relationsgest\u00fctzte F\u00fchrung Projektleitung High Performance Team Management Die Schulung l\u00e4uft typisch \u00fcber 2-3 Tage, sie wird jedoch nach Ihren Bed\u00fcrfnissen ma\u00dfgeschneidert und je nach Ihren W\u00fcnschen mit On-the-job-Training, individuellem Coaching und\/oder Online-Training kombiniert.<\/p>\n","protected":false},"author":3,"featured_media":703,"parent":0,"menu_order":0,"comment_status":"closed","ping_status":"closed","template":"","meta":{"_mi_skip_tracking":false,"_genesis_hide_title":false,"_genesis_hide_breadcrumbs":false,"_genesis_hide_singular_image":false,"_genesis_hide_footer_widgets":false,"_genesis_custom_body_class":"","_genesis_custom_post_class":"","_genesis_layout":""},"yoast_head":"<!-- This site is optimized with the Yoast SEO plugin v19.7.1 - https:\/\/yoast.com\/wordpress\/plugins\/seo\/ -->\n<title>Managementkultur | Brynk Business Academy<\/title>\n<meta name=\"robots\" content=\"index, follow, max-snippet:-1, max-image-preview:large, max-video-preview:-1\" \/>\n<link rel=\"canonical\" href=\"https:\/\/brynk.dk\/de\/fuehrungskultur\/\" \/>\n<meta property=\"og:locale\" content=\"de_DE\" \/>\n<meta property=\"og:type\" content=\"article\" \/>\n<meta property=\"og:title\" content=\"Managementkultur | Brynk Business Academy\" \/>\n<meta property=\"og:description\" content=\"Ich veranstalte gern selbst und zusammen mit externen Kooperationspartnern Schulungen in den folgenden Themen im Bereich F\u00fchrung: Vertriebsberatung Pers\u00f6nliche F\u00fchrung Internationale Distanzf\u00fchrung Relationsgest\u00fctzte F\u00fchrung Projektleitung High Performance Team Management Die Schulung l\u00e4uft typisch \u00fcber 2-3 Tage, sie wird jedoch nach Ihren Bed\u00fcrfnissen ma\u00dfgeschneidert und je nach Ihren W\u00fcnschen mit On-the-job-Training, individuellem Coaching und\/oder Online-Training kombiniert.\" \/>\n<meta property=\"og:url\" content=\"https:\/\/brynk.dk\/de\/fuehrungskultur\/\" \/>\n<meta property=\"og:site_name\" content=\"Brynk Business Academy\" \/>\n<meta property=\"article:modified_time\" content=\"2016-09-28T11:04:02+00:00\" \/>\n<meta property=\"og:image\" content=\"https:\/\/brynk.dk\/wp-content\/uploads\/2016\/07\/BBJ-grey-3.jpg\" \/>\n\t<meta property=\"og:image:width\" content=\"1600\" \/>\n\t<meta property=\"og:image:height\" content=\"1050\" \/>\n\t<meta property=\"og:image:type\" content=\"image\/jpeg\" \/>\n<meta name=\"twitter:card\" content=\"summary\" \/>\n<script type=\"application\/ld+json\" class=\"yoast-schema-graph\">{\"@context\":\"https:\/\/schema.org\",\"@graph\":[{\"@type\":\"WebPage\",\"@id\":\"https:\/\/brynk.dk\/de\/fuehrungskultur\/\",\"url\":\"https:\/\/brynk.dk\/de\/fuehrungskultur\/\",\"name\":\"Managementkultur | Brynk Business Academy\",\"isPartOf\":{\"@id\":\"https:\/\/brynk.dk\/#website\"},\"datePublished\":\"2016-08-30T14:07:49+00:00\",\"dateModified\":\"2016-09-28T11:04:02+00:00\",\"breadcrumb\":{\"@id\":\"https:\/\/brynk.dk\/de\/fuehrungskultur\/#breadcrumb\"},\"inLanguage\":\"de\",\"potentialAction\":[{\"@type\":\"ReadAction\",\"target\":[\"https:\/\/brynk.dk\/de\/fuehrungskultur\/\"]}]},{\"@type\":\"BreadcrumbList\",\"@id\":\"https:\/\/brynk.dk\/de\/fuehrungskultur\/#breadcrumb\",\"itemListElement\":[{\"@type\":\"ListItem\",\"position\":1,\"name\":\"Hjem\",\"item\":\"https:\/\/brynk.dk\/de\/\"},{\"@type\":\"ListItem\",\"position\":2,\"name\":\"Managementkultur\"}]},{\"@type\":\"WebSite\",\"@id\":\"https:\/\/brynk.dk\/#website\",\"url\":\"https:\/\/brynk.dk\/\",\"name\":\"Brynk Business Academy\",\"description\":\"Improving Your Sales Culture\",\"potentialAction\":[{\"@type\":\"SearchAction\",\"target\":{\"@type\":\"EntryPoint\",\"urlTemplate\":\"https:\/\/brynk.dk\/?s={search_term_string}\"},\"query-input\":\"required name=search_term_string\"}],\"inLanguage\":\"de\"}]}<\/script>\n<!-- \/ Yoast SEO plugin. -->","yoast_head_json":{"title":"Managementkultur | Brynk Business Academy","robots":{"index":"index","follow":"follow","max-snippet":"max-snippet:-1","max-image-preview":"max-image-preview:large","max-video-preview":"max-video-preview:-1"},"canonical":"https:\/\/brynk.dk\/de\/fuehrungskultur\/","og_locale":"de_DE","og_type":"article","og_title":"Managementkultur | Brynk Business Academy","og_description":"Ich veranstalte gern selbst und zusammen mit externen Kooperationspartnern Schulungen in den folgenden Themen im Bereich F\u00fchrung: Vertriebsberatung Pers\u00f6nliche F\u00fchrung Internationale Distanzf\u00fchrung Relationsgest\u00fctzte F\u00fchrung Projektleitung High Performance Team Management Die Schulung l\u00e4uft typisch \u00fcber 2-3 Tage, sie wird jedoch nach Ihren Bed\u00fcrfnissen ma\u00dfgeschneidert und je nach Ihren W\u00fcnschen mit On-the-job-Training, individuellem Coaching und\/oder Online-Training kombiniert.","og_url":"https:\/\/brynk.dk\/de\/fuehrungskultur\/","og_site_name":"Brynk Business Academy","article_modified_time":"2016-09-28T11:04:02+00:00","og_image":[{"width":1600,"height":1050,"url":"https:\/\/brynk.dk\/wp-content\/uploads\/2016\/07\/BBJ-grey-3.jpg","type":"image\/jpeg"}],"twitter_card":"summary","schema":{"@context":"https:\/\/schema.org","@graph":[{"@type":"WebPage","@id":"https:\/\/brynk.dk\/de\/fuehrungskultur\/","url":"https:\/\/brynk.dk\/de\/fuehrungskultur\/","name":"Managementkultur | Brynk Business Academy","isPartOf":{"@id":"https:\/\/brynk.dk\/#website"},"datePublished":"2016-08-30T14:07:49+00:00","dateModified":"2016-09-28T11:04:02+00:00","breadcrumb":{"@id":"https:\/\/brynk.dk\/de\/fuehrungskultur\/#breadcrumb"},"inLanguage":"de","potentialAction":[{"@type":"ReadAction","target":["https:\/\/brynk.dk\/de\/fuehrungskultur\/"]}]},{"@type":"BreadcrumbList","@id":"https:\/\/brynk.dk\/de\/fuehrungskultur\/#breadcrumb","itemListElement":[{"@type":"ListItem","position":1,"name":"Hjem","item":"https:\/\/brynk.dk\/de\/"},{"@type":"ListItem","position":2,"name":"Managementkultur"}]},{"@type":"WebSite","@id":"https:\/\/brynk.dk\/#website","url":"https:\/\/brynk.dk\/","name":"Brynk Business Academy","description":"Improving Your Sales Culture","potentialAction":[{"@type":"SearchAction","target":{"@type":"EntryPoint","urlTemplate":"https:\/\/brynk.dk\/?s={search_term_string}"},"query-input":"required name=search_term_string"}],"inLanguage":"de"}]}},"jetpack_sharing_enabled":true,"jetpack_shortlink":"https:\/\/wp.me\/P7HKK1-cf","_links":{"self":[{"href":"https:\/\/brynk.dk\/de\/wp-json\/wp\/v2\/pages\/759"}],"collection":[{"href":"https:\/\/brynk.dk\/de\/wp-json\/wp\/v2\/pages"}],"about":[{"href":"https:\/\/brynk.dk\/de\/wp-json\/wp\/v2\/types\/page"}],"author":[{"embeddable":true,"href":"https:\/\/brynk.dk\/de\/wp-json\/wp\/v2\/users\/3"}],"replies":[{"embeddable":true,"href":"https:\/\/brynk.dk\/de\/wp-json\/wp\/v2\/comments?post=759"}],"version-history":[{"count":2,"href":"https:\/\/brynk.dk\/de\/wp-json\/wp\/v2\/pages\/759\/revisions"}],"predecessor-version":[{"id":869,"href":"https:\/\/brynk.dk\/de\/wp-json\/wp\/v2\/pages\/759\/revisions\/869"}],"wp:featuredmedia":[{"embeddable":true,"href":"https:\/\/brynk.dk\/de\/wp-json\/wp\/v2\/media\/703"}],"wp:attachment":[{"href":"https:\/\/brynk.dk\/de\/wp-json\/wp\/v2\/media?parent=759"}],"curies":[{"name":"wp","href":"https:\/\/api.w.org\/{rel}","templated":true}]}}