{"id":770,"date":"2016-08-30T16:12:03","date_gmt":"2016-08-30T14:12:03","guid":{"rendered":"https:\/\/brynk.dk\/de\/?page_id=770"},"modified":"2016-09-28T13:03:06","modified_gmt":"2016-09-28T11:03:06","slug":"verkaufskultur","status":"publish","type":"page","link":"https:\/\/brynk.dk\/de\/verkaufskultur\/","title":{"rendered":"Beratungskultur"},"content":{"rendered":"<p>Eine relationsgest\u00fctzte und kundenorientierte Beratungskultur erfordert, dass die gesamte Organisation die gleiche Sprache mit den Kunden und untereinander spricht. Sie muss gleichzeitig Herz und Gehirn ansprechen. Unser Herz ist der gef\u00fchlsm\u00e4\u00dfige Anker unseres Vertrauens und Engagements. Das Gehirn bildet die Grundlage f\u00fcr die sinnvolle Entscheidung. Die Kultur ist das Verst\u00e4ndnis und das Verhalten nach Weisung von Herz und Gehirn.<\/p>\n<p>Von der Empfangsmitarbeiterin bis zum Verk\u00e4ufer &#8211; vom ersten Telefongespr\u00e4ch bis hin zum pers\u00f6nlichen Gespr\u00e4ch muss die Kultur in einem echten Wunsch verankert sein &#8230;<\/p>\n<p>&#8230; einem Kunden zu helfen, eine Entscheidung zu treffen, die Werte schaffen.<\/p>\n<p>Nach meiner \u00dcberzeugung liegt der Kern einer kundenorientierten Beratungskultur darin, dass Obiges angestrebt und in die Tat umgesetzt wird. Echt, glaubw\u00fcrdig und authentisch.<\/p>\n<p>Ich bem\u00fche mich, auf der Grundlage eigener, praktischer Erfahrung Relationskompetenzen bei Verk\u00e4ufern, Vertriebsleitern, Vertriebsdirektoren und anderen, die mit Kunden arbeiten, aufzubauen. \u00a0Popul\u00e4r gesagt geht es darum, Professionelle besser zu r\u00fcsten, mit Kunden und Kollegen auf eine zweckm\u00e4\u00dfigere Art und Weise umzugehen.<\/p>\n<ul>\n<li>Wie definieren Sie und Ihre Kollegen den Begriff Verkauf?<\/li>\n<li>F\u00fchlen sich alle in der Rolle des aktiven Verk\u00e4ufers und hilfsbereiten Beraters geborgen?<\/li>\n<li>Ben\u00f6tigen Sie einen unverbindlichen Kultur-Check?<\/li>\n<\/ul>\n","protected":false},"excerpt":{"rendered":"<p>Eine relationsgest\u00fctzte und kundenorientierte Beratungskultur erfordert, dass die gesamte Organisation die gleiche Sprache mit den Kunden und untereinander spricht. Sie muss gleichzeitig Herz und Gehirn ansprechen. Unser Herz ist der gef\u00fchlsm\u00e4\u00dfige Anker unseres Vertrauens und Engagements. Das Gehirn bildet die Grundlage f\u00fcr die sinnvolle Entscheidung. Die Kultur ist das Verst\u00e4ndnis und das Verhalten nach Weisung [&hellip;]<\/p>\n","protected":false},"author":3,"featured_media":709,"parent":0,"menu_order":0,"comment_status":"closed","ping_status":"closed","template":"","meta":{"_mi_skip_tracking":false,"_genesis_hide_title":false,"_genesis_hide_breadcrumbs":false,"_genesis_hide_singular_image":false,"_genesis_hide_footer_widgets":false,"_genesis_custom_body_class":"","_genesis_custom_post_class":"","_genesis_layout":""},"yoast_head":"<!-- This site is optimized with the Yoast SEO plugin v19.7.1 - https:\/\/yoast.com\/wordpress\/plugins\/seo\/ -->\n<title>Beratungskultur | Brynk Business Academy<\/title>\n<meta name=\"robots\" content=\"index, follow, max-snippet:-1, max-image-preview:large, max-video-preview:-1\" \/>\n<link rel=\"canonical\" href=\"https:\/\/brynk.dk\/de\/verkaufskultur\/\" \/>\n<meta property=\"og:locale\" content=\"de_DE\" \/>\n<meta property=\"og:type\" content=\"article\" \/>\n<meta property=\"og:title\" content=\"Beratungskultur | Brynk Business Academy\" \/>\n<meta property=\"og:description\" content=\"Eine relationsgest\u00fctzte und kundenorientierte Beratungskultur erfordert, dass die gesamte Organisation die gleiche Sprache mit den Kunden und untereinander spricht. Sie muss gleichzeitig Herz und Gehirn ansprechen. Unser Herz ist der gef\u00fchlsm\u00e4\u00dfige Anker unseres Vertrauens und Engagements. Das Gehirn bildet die Grundlage f\u00fcr die sinnvolle Entscheidung. Die Kultur ist das Verst\u00e4ndnis und das Verhalten nach Weisung [&hellip;]\" \/>\n<meta property=\"og:url\" content=\"https:\/\/brynk.dk\/de\/verkaufskultur\/\" \/>\n<meta property=\"og:site_name\" content=\"Brynk Business Academy\" \/>\n<meta property=\"article:modified_time\" content=\"2016-09-28T11:03:06+00:00\" \/>\n<meta property=\"og:image\" content=\"https:\/\/brynk.dk\/wp-content\/uploads\/2016\/07\/BBJ-grey-6.jpg\" \/>\n\t<meta property=\"og:image:width\" content=\"1600\" \/>\n\t<meta property=\"og:image:height\" content=\"1050\" \/>\n\t<meta property=\"og:image:type\" content=\"image\/jpeg\" \/>\n<meta name=\"twitter:card\" content=\"summary\" \/>\n<meta name=\"twitter:label1\" content=\"Gesch\u00e4tzte Lesezeit\" \/>\n\t<meta name=\"twitter:data1\" content=\"1\u00a0Minute\" \/>\n<script type=\"application\/ld+json\" class=\"yoast-schema-graph\">{\"@context\":\"https:\/\/schema.org\",\"@graph\":[{\"@type\":\"WebPage\",\"@id\":\"https:\/\/brynk.dk\/de\/verkaufskultur\/\",\"url\":\"https:\/\/brynk.dk\/de\/verkaufskultur\/\",\"name\":\"Beratungskultur | Brynk Business Academy\",\"isPartOf\":{\"@id\":\"https:\/\/brynk.dk\/#website\"},\"datePublished\":\"2016-08-30T14:12:03+00:00\",\"dateModified\":\"2016-09-28T11:03:06+00:00\",\"breadcrumb\":{\"@id\":\"https:\/\/brynk.dk\/de\/verkaufskultur\/#breadcrumb\"},\"inLanguage\":\"de\",\"potentialAction\":[{\"@type\":\"ReadAction\",\"target\":[\"https:\/\/brynk.dk\/de\/verkaufskultur\/\"]}]},{\"@type\":\"BreadcrumbList\",\"@id\":\"https:\/\/brynk.dk\/de\/verkaufskultur\/#breadcrumb\",\"itemListElement\":[{\"@type\":\"ListItem\",\"position\":1,\"name\":\"Hjem\",\"item\":\"https:\/\/brynk.dk\/de\/\"},{\"@type\":\"ListItem\",\"position\":2,\"name\":\"Beratungskultur\"}]},{\"@type\":\"WebSite\",\"@id\":\"https:\/\/brynk.dk\/#website\",\"url\":\"https:\/\/brynk.dk\/\",\"name\":\"Brynk Business Academy\",\"description\":\"Improving Your Sales Culture\",\"potentialAction\":[{\"@type\":\"SearchAction\",\"target\":{\"@type\":\"EntryPoint\",\"urlTemplate\":\"https:\/\/brynk.dk\/?s={search_term_string}\"},\"query-input\":\"required name=search_term_string\"}],\"inLanguage\":\"de\"}]}<\/script>\n<!-- \/ Yoast SEO plugin. -->","yoast_head_json":{"title":"Beratungskultur | Brynk Business Academy","robots":{"index":"index","follow":"follow","max-snippet":"max-snippet:-1","max-image-preview":"max-image-preview:large","max-video-preview":"max-video-preview:-1"},"canonical":"https:\/\/brynk.dk\/de\/verkaufskultur\/","og_locale":"de_DE","og_type":"article","og_title":"Beratungskultur | Brynk Business Academy","og_description":"Eine relationsgest\u00fctzte und kundenorientierte Beratungskultur erfordert, dass die gesamte Organisation die gleiche Sprache mit den Kunden und untereinander spricht. Sie muss gleichzeitig Herz und Gehirn ansprechen. Unser Herz ist der gef\u00fchlsm\u00e4\u00dfige Anker unseres Vertrauens und Engagements. Das Gehirn bildet die Grundlage f\u00fcr die sinnvolle Entscheidung. Die Kultur ist das Verst\u00e4ndnis und das Verhalten nach Weisung [&hellip;]","og_url":"https:\/\/brynk.dk\/de\/verkaufskultur\/","og_site_name":"Brynk Business Academy","article_modified_time":"2016-09-28T11:03:06+00:00","og_image":[{"width":1600,"height":1050,"url":"https:\/\/brynk.dk\/wp-content\/uploads\/2016\/07\/BBJ-grey-6.jpg","type":"image\/jpeg"}],"twitter_card":"summary","twitter_misc":{"Gesch\u00e4tzte Lesezeit":"1\u00a0Minute"},"schema":{"@context":"https:\/\/schema.org","@graph":[{"@type":"WebPage","@id":"https:\/\/brynk.dk\/de\/verkaufskultur\/","url":"https:\/\/brynk.dk\/de\/verkaufskultur\/","name":"Beratungskultur | Brynk Business Academy","isPartOf":{"@id":"https:\/\/brynk.dk\/#website"},"datePublished":"2016-08-30T14:12:03+00:00","dateModified":"2016-09-28T11:03:06+00:00","breadcrumb":{"@id":"https:\/\/brynk.dk\/de\/verkaufskultur\/#breadcrumb"},"inLanguage":"de","potentialAction":[{"@type":"ReadAction","target":["https:\/\/brynk.dk\/de\/verkaufskultur\/"]}]},{"@type":"BreadcrumbList","@id":"https:\/\/brynk.dk\/de\/verkaufskultur\/#breadcrumb","itemListElement":[{"@type":"ListItem","position":1,"name":"Hjem","item":"https:\/\/brynk.dk\/de\/"},{"@type":"ListItem","position":2,"name":"Beratungskultur"}]},{"@type":"WebSite","@id":"https:\/\/brynk.dk\/#website","url":"https:\/\/brynk.dk\/","name":"Brynk Business Academy","description":"Improving Your Sales Culture","potentialAction":[{"@type":"SearchAction","target":{"@type":"EntryPoint","urlTemplate":"https:\/\/brynk.dk\/?s={search_term_string}"},"query-input":"required name=search_term_string"}],"inLanguage":"de"}]}},"jetpack_sharing_enabled":true,"jetpack_shortlink":"https:\/\/wp.me\/P7HKK1-cq","_links":{"self":[{"href":"https:\/\/brynk.dk\/de\/wp-json\/wp\/v2\/pages\/770"}],"collection":[{"href":"https:\/\/brynk.dk\/de\/wp-json\/wp\/v2\/pages"}],"about":[{"href":"https:\/\/brynk.dk\/de\/wp-json\/wp\/v2\/types\/page"}],"author":[{"embeddable":true,"href":"https:\/\/brynk.dk\/de\/wp-json\/wp\/v2\/users\/3"}],"replies":[{"embeddable":true,"href":"https:\/\/brynk.dk\/de\/wp-json\/wp\/v2\/comments?post=770"}],"version-history":[{"count":2,"href":"https:\/\/brynk.dk\/de\/wp-json\/wp\/v2\/pages\/770\/revisions"}],"predecessor-version":[{"id":868,"href":"https:\/\/brynk.dk\/de\/wp-json\/wp\/v2\/pages\/770\/revisions\/868"}],"wp:featuredmedia":[{"embeddable":true,"href":"https:\/\/brynk.dk\/de\/wp-json\/wp\/v2\/media\/709"}],"wp:attachment":[{"href":"https:\/\/brynk.dk\/de\/wp-json\/wp\/v2\/media?parent=770"}],"curies":[{"name":"wp","href":"https:\/\/api.w.org\/{rel}","templated":true}]}}