{"id":774,"date":"2016-08-30T16:13:11","date_gmt":"2016-08-30T14:13:11","guid":{"rendered":"https:\/\/brynk.dk\/de\/?page_id=774"},"modified":"2016-09-28T13:04:58","modified_gmt":"2016-09-28T11:04:58","slug":"strategie-workshops","status":"publish","type":"page","link":"https:\/\/brynk.dk\/de\/strategie-workshops\/","title":{"rendered":"Strategie-Workshops"},"content":{"rendered":"<p>Die Schulung l\u00e4uft typisch \u00fcber 1-2 Tage f\u00fcr Mitarbeiter, Vorstand wie Aufsichtsrat. Die Schulung nimmt in der Regel Ausgangspunkt in einem Schulungsablauf \u00fcber Verkauf, F\u00fchrung bzw. Beratung und\/oder High-Performance-Teams mit dem Zweck, die Verkaufs- und Kommunikationskultur der Organisation zu ver\u00e4ndern.<\/p>\n<p>Wir arbeiten nach Wunsch und Bedarf auch gern mit anderen externen Beratern zusammen und stellen die Schulung selbstverst\u00e4ndlich ganz nach Ihren W\u00fcnschen und in Zusammenarbeit mit Ihrem Team zusammen.<\/p>\n","protected":false},"excerpt":{"rendered":"<p>Die Schulung l\u00e4uft typisch \u00fcber 1-2 Tage f\u00fcr Mitarbeiter, Vorstand wie Aufsichtsrat. Die Schulung nimmt in der Regel Ausgangspunkt in einem Schulungsablauf \u00fcber Verkauf, F\u00fchrung bzw. Beratung und\/oder High-Performance-Teams mit dem Zweck, die Verkaufs- und Kommunikationskultur der Organisation zu ver\u00e4ndern. Wir arbeiten nach Wunsch und Bedarf auch gern mit anderen externen Beratern zusammen und stellen [&hellip;]<\/p>\n","protected":false},"author":3,"featured_media":707,"parent":0,"menu_order":0,"comment_status":"closed","ping_status":"closed","template":"","meta":{"_mi_skip_tracking":false,"_genesis_hide_title":false,"_genesis_hide_breadcrumbs":false,"_genesis_hide_singular_image":false,"_genesis_hide_footer_widgets":false,"_genesis_custom_body_class":"","_genesis_custom_post_class":"","_genesis_layout":""},"yoast_head":"<!-- This site is optimized with the Yoast SEO plugin v19.7.1 - https:\/\/yoast.com\/wordpress\/plugins\/seo\/ -->\n<title>Strategie-Workshops | Brynk Business Academy<\/title>\n<meta name=\"robots\" content=\"index, follow, max-snippet:-1, max-image-preview:large, max-video-preview:-1\" \/>\n<link rel=\"canonical\" href=\"https:\/\/brynk.dk\/de\/strategie-workshops\/\" \/>\n<meta property=\"og:locale\" content=\"de_DE\" \/>\n<meta property=\"og:type\" content=\"article\" \/>\n<meta property=\"og:title\" content=\"Strategie-Workshops | Brynk Business Academy\" \/>\n<meta property=\"og:description\" content=\"Die Schulung l\u00e4uft typisch \u00fcber 1-2 Tage f\u00fcr Mitarbeiter, Vorstand wie Aufsichtsrat. Die Schulung nimmt in der Regel Ausgangspunkt in einem Schulungsablauf \u00fcber Verkauf, F\u00fchrung bzw. Beratung und\/oder High-Performance-Teams mit dem Zweck, die Verkaufs- und Kommunikationskultur der Organisation zu ver\u00e4ndern. Wir arbeiten nach Wunsch und Bedarf auch gern mit anderen externen Beratern zusammen und stellen [&hellip;]\" \/>\n<meta property=\"og:url\" content=\"https:\/\/brynk.dk\/de\/strategie-workshops\/\" \/>\n<meta property=\"og:site_name\" content=\"Brynk Business Academy\" \/>\n<meta property=\"article:modified_time\" content=\"2016-09-28T11:04:58+00:00\" \/>\n<meta property=\"og:image\" content=\"https:\/\/brynk.dk\/wp-content\/uploads\/2016\/07\/BBJ-grey-5.jpg\" \/>\n\t<meta property=\"og:image:width\" content=\"1600\" \/>\n\t<meta property=\"og:image:height\" content=\"1050\" \/>\n\t<meta property=\"og:image:type\" content=\"image\/jpeg\" \/>\n<meta name=\"twitter:card\" content=\"summary\" \/>\n<script type=\"application\/ld+json\" class=\"yoast-schema-graph\">{\"@context\":\"https:\/\/schema.org\",\"@graph\":[{\"@type\":\"WebPage\",\"@id\":\"https:\/\/brynk.dk\/de\/strategie-workshops\/\",\"url\":\"https:\/\/brynk.dk\/de\/strategie-workshops\/\",\"name\":\"Strategie-Workshops | Brynk Business Academy\",\"isPartOf\":{\"@id\":\"https:\/\/brynk.dk\/#website\"},\"datePublished\":\"2016-08-30T14:13:11+00:00\",\"dateModified\":\"2016-09-28T11:04:58+00:00\",\"breadcrumb\":{\"@id\":\"https:\/\/brynk.dk\/de\/strategie-workshops\/#breadcrumb\"},\"inLanguage\":\"de\",\"potentialAction\":[{\"@type\":\"ReadAction\",\"target\":[\"https:\/\/brynk.dk\/de\/strategie-workshops\/\"]}]},{\"@type\":\"BreadcrumbList\",\"@id\":\"https:\/\/brynk.dk\/de\/strategie-workshops\/#breadcrumb\",\"itemListElement\":[{\"@type\":\"ListItem\",\"position\":1,\"name\":\"Hjem\",\"item\":\"https:\/\/brynk.dk\/de\/\"},{\"@type\":\"ListItem\",\"position\":2,\"name\":\"Strategie-Workshops\"}]},{\"@type\":\"WebSite\",\"@id\":\"https:\/\/brynk.dk\/#website\",\"url\":\"https:\/\/brynk.dk\/\",\"name\":\"Brynk Business Academy\",\"description\":\"Improving Your Sales Culture\",\"potentialAction\":[{\"@type\":\"SearchAction\",\"target\":{\"@type\":\"EntryPoint\",\"urlTemplate\":\"https:\/\/brynk.dk\/?s={search_term_string}\"},\"query-input\":\"required name=search_term_string\"}],\"inLanguage\":\"de\"}]}<\/script>\n<!-- \/ Yoast SEO plugin. -->","yoast_head_json":{"title":"Strategie-Workshops | Brynk Business Academy","robots":{"index":"index","follow":"follow","max-snippet":"max-snippet:-1","max-image-preview":"max-image-preview:large","max-video-preview":"max-video-preview:-1"},"canonical":"https:\/\/brynk.dk\/de\/strategie-workshops\/","og_locale":"de_DE","og_type":"article","og_title":"Strategie-Workshops | Brynk Business Academy","og_description":"Die Schulung l\u00e4uft typisch \u00fcber 1-2 Tage f\u00fcr Mitarbeiter, Vorstand wie Aufsichtsrat. Die Schulung nimmt in der Regel Ausgangspunkt in einem Schulungsablauf \u00fcber Verkauf, F\u00fchrung bzw. Beratung und\/oder High-Performance-Teams mit dem Zweck, die Verkaufs- und Kommunikationskultur der Organisation zu ver\u00e4ndern. Wir arbeiten nach Wunsch und Bedarf auch gern mit anderen externen Beratern zusammen und stellen [&hellip;]","og_url":"https:\/\/brynk.dk\/de\/strategie-workshops\/","og_site_name":"Brynk Business Academy","article_modified_time":"2016-09-28T11:04:58+00:00","og_image":[{"width":1600,"height":1050,"url":"https:\/\/brynk.dk\/wp-content\/uploads\/2016\/07\/BBJ-grey-5.jpg","type":"image\/jpeg"}],"twitter_card":"summary","schema":{"@context":"https:\/\/schema.org","@graph":[{"@type":"WebPage","@id":"https:\/\/brynk.dk\/de\/strategie-workshops\/","url":"https:\/\/brynk.dk\/de\/strategie-workshops\/","name":"Strategie-Workshops | Brynk Business Academy","isPartOf":{"@id":"https:\/\/brynk.dk\/#website"},"datePublished":"2016-08-30T14:13:11+00:00","dateModified":"2016-09-28T11:04:58+00:00","breadcrumb":{"@id":"https:\/\/brynk.dk\/de\/strategie-workshops\/#breadcrumb"},"inLanguage":"de","potentialAction":[{"@type":"ReadAction","target":["https:\/\/brynk.dk\/de\/strategie-workshops\/"]}]},{"@type":"BreadcrumbList","@id":"https:\/\/brynk.dk\/de\/strategie-workshops\/#breadcrumb","itemListElement":[{"@type":"ListItem","position":1,"name":"Hjem","item":"https:\/\/brynk.dk\/de\/"},{"@type":"ListItem","position":2,"name":"Strategie-Workshops"}]},{"@type":"WebSite","@id":"https:\/\/brynk.dk\/#website","url":"https:\/\/brynk.dk\/","name":"Brynk Business Academy","description":"Improving Your Sales Culture","potentialAction":[{"@type":"SearchAction","target":{"@type":"EntryPoint","urlTemplate":"https:\/\/brynk.dk\/?s={search_term_string}"},"query-input":"required name=search_term_string"}],"inLanguage":"de"}]}},"jetpack_sharing_enabled":true,"jetpack_shortlink":"https:\/\/wp.me\/P7HKK1-cu","_links":{"self":[{"href":"https:\/\/brynk.dk\/de\/wp-json\/wp\/v2\/pages\/774"}],"collection":[{"href":"https:\/\/brynk.dk\/de\/wp-json\/wp\/v2\/pages"}],"about":[{"href":"https:\/\/brynk.dk\/de\/wp-json\/wp\/v2\/types\/page"}],"author":[{"embeddable":true,"href":"https:\/\/brynk.dk\/de\/wp-json\/wp\/v2\/users\/3"}],"replies":[{"embeddable":true,"href":"https:\/\/brynk.dk\/de\/wp-json\/wp\/v2\/comments?post=774"}],"version-history":[{"count":2,"href":"https:\/\/brynk.dk\/de\/wp-json\/wp\/v2\/pages\/774\/revisions"}],"predecessor-version":[{"id":870,"href":"https:\/\/brynk.dk\/de\/wp-json\/wp\/v2\/pages\/774\/revisions\/870"}],"wp:featuredmedia":[{"embeddable":true,"href":"https:\/\/brynk.dk\/de\/wp-json\/wp\/v2\/media\/707"}],"wp:attachment":[{"href":"https:\/\/brynk.dk\/de\/wp-json\/wp\/v2\/media?parent=774"}],"curies":[{"name":"wp","href":"https:\/\/api.w.org\/{rel}","templated":true}]}}